{"id":2287,"date":"2024-11-19T15:06:12","date_gmt":"2024-11-19T14:06:12","guid":{"rendered":"https:\/\/dev4.cg-numerik.io\/serializacion\/"},"modified":"2025-01-15T11:54:25","modified_gmt":"2025-01-15T10:54:25","slug":"serializacion","status":"publish","type":"page","link":"https:\/\/control6.fr\/es\/serializacion\/","title":{"rendered":"SERIALIZACI\u00d3N"},"content":{"rendered":"<style>.elementor-2287 .elementor-element.elementor-element-55ac3c3{--display:flex;--flex-direction:row;--container-widget-width:initial;--container-widget-height:100%;--container-widget-flex-grow:1;--container-widget-align-self:stretch;--flex-wrap-mobile:wrap;--gap:0px 0px;--row-gap:0px;--column-gap:0px;--padding-top:50px;--padding-bottom:0px;--padding-left:20px;--padding-right:20px;}.elementor-2287 .elementor-element.elementor-element-55ac3c3:not(.elementor-motion-effects-element-type-background), .elementor-2287 .elementor-element.elementor-element-55ac3c3 > .elementor-motion-effects-container > .elementor-motion-effects-layer{background-color:var( --e-global-color-644c2b7 );}.elementor-2287 .elementor-element.elementor-element-996c81b{--display:flex;--flex-direction:column;--container-widget-width:100%;--container-widget-height:initial;--container-widget-flex-grow:0;--container-widget-align-self:initial;--flex-wrap-mobile:wrap;}.elementor-2287 .elementor-element.elementor-element-1d719eb{--display:flex;--flex-direction:row;--container-widget-width:initial;--container-widget-height:100%;--container-widget-flex-grow:1;--container-widget-align-self:stretch;--flex-wrap-mobile:wrap;--gap:10px 10px;--row-gap:10px;--column-gap:10px;}.elementor-2287 .elementor-element.elementor-element-397747e .elementor-heading-title{font-weight:800;color:var( --e-global-color-7b685d2 );}.elementor-2287 .elementor-element.elementor-element-397747e.elementor-element{--align-self:flex-start;}.elementor-2287 .elementor-element.elementor-element-67ac41c .elementor-heading-title{font-weight:800;color:#DE1D1C;}.elementor-2287 .elementor-element.elementor-element-67ac41c.elementor-element{--align-self:flex-start;}.elementor-2287 .elementor-element.elementor-element-b01e50b .elementor-heading-title{font-weight:800;color:var( --e-global-color-7b685d2 );}.elementor-2287 .elementor-element.elementor-element-f8300e6{--display:flex;--flex-direction:column;--container-widget-width:100%;--container-widget-height:initial;--container-widget-flex-grow:0;--container-widget-align-self:initial;--flex-wrap-mobile:wrap;--justify-content:flex-end;--padding-top:0px;--padding-bottom:10px;--padding-left:10px;--padding-right:10px;}.elementor-2287 .elementor-element.elementor-element-f8300e6:not(.elementor-motion-effects-element-type-background), .elementor-2287 .elementor-element.elementor-element-f8300e6 > .elementor-motion-effects-container > .elementor-motion-effects-layer{background-color:var( --e-global-color-644c2b7 );}.elementor-2287 .elementor-element.elementor-element-cd3d5e5{--display:flex;--flex-direction:row;--container-widget-width:initial;--container-widget-height:100%;--container-widget-flex-grow:1;--container-widget-align-self:stretch;--flex-wrap-mobile:wrap;--gap:0px 0px;--row-gap:0px;--column-gap:0px;--margin-top:50px;--margin-bottom:0px;--margin-left:0px;--margin-right:0px;--padding-top:20px;--padding-bottom:20px;--padding-left:0px;--padding-right:0px;}.elementor-2287 .elementor-element.elementor-element-cd3d5e5:not(.elementor-motion-effects-element-type-background), .elementor-2287 .elementor-element.elementor-element-cd3d5e5 > .elementor-motion-effects-container > .elementor-motion-effects-layer{background-color:#DE1D1C;}.elementor-2287 .elementor-element.elementor-element-4aba705{--display:flex;--flex-direction:column;--container-widget-width:100%;--container-widget-height:initial;--container-widget-flex-grow:0;--container-widget-align-self:initial;--flex-wrap-mobile:wrap;}.elementor-2287 .elementor-element.elementor-element-b87b20a{font-size:20px;color:var( --e-global-color-644c2b7 );}.elementor-2287 .elementor-element.elementor-element-b87b20a > .elementor-widget-container{padding:0px 0px 0px 0px;border-radius:10px 10px 10px 10px;}.elementor-2287 .elementor-element.elementor-element-5ea091b{--display:flex;--flex-direction:column;--container-widget-width:100%;--container-widget-height:initial;--container-widget-flex-grow:0;--container-widget-align-self:initial;--flex-wrap-mobile:wrap;}.elementor-2287 .elementor-element.elementor-element-b0d0c78{font-size:20px;color:var( --e-global-color-644c2b7 );}.elementor-2287 .elementor-element.elementor-element-b0d0c78 > .elementor-widget-container{padding:0px 0px 0px 0px;border-radius:10px 10px 10px 10px;}.elementor-2287 .elementor-element.elementor-element-26f33bd{--display:flex;--flex-direction:column;--container-widget-width:100%;--container-widget-height:initial;--container-widget-flex-grow:0;--container-widget-align-self:initial;--flex-wrap-mobile:wrap;--padding-top:50px;--padding-bottom:50px;--padding-left:0px;--padding-right:0px;}.elementor-2287 .elementor-element.elementor-element-8204e75{--display:flex;--flex-direction:row;--container-widget-width:initial;--container-widget-height:100%;--container-widget-flex-grow:1;--container-widget-align-self:stretch;--flex-wrap-mobile:wrap;--gap:0px 0px;--row-gap:0px;--column-gap:0px;--padding-top:0px;--padding-bottom:0px;--padding-left:0px;--padding-right:0px;}.elementor-2287 .elementor-element.elementor-element-5a0d49c{--display:flex;--flex-direction:column;--container-widget-width:100%;--container-widget-height:initial;--container-widget-flex-grow:0;--container-widget-align-self:initial;--flex-wrap-mobile:wrap;}.elementor-2287 .elementor-element.elementor-element-c857ba2 img{height:411px;object-fit:contain;object-position:center center;border-radius:10px 10px 10px 10px;}.elementor-2287 .elementor-element.elementor-element-0ff0f13{--display:flex;--flex-direction:column;--container-widget-width:100%;--container-widget-height:initial;--container-widget-flex-grow:0;--container-widget-align-self:initial;--flex-wrap-mobile:wrap;--justify-content:center;}.elementor-2287 .elementor-element.elementor-element-70d4776 img{height:411px;object-fit:cover;object-position:center center;border-radius:10px 10px 10px 10px;}@media(max-width:767px){.elementor-2287 .elementor-element.elementor-element-1d719eb{--justify-content:center;}.elementor-2287 .elementor-element.elementor-element-397747e{text-align:center;}.elementor-2287 .elementor-element.elementor-element-67ac41c{text-align:center;}.elementor-2287 .elementor-element.elementor-element-b01e50b{text-align:center;}.elementor-2287 .elementor-element.elementor-element-f8300e6{--flex-direction:column-reverse;--container-widget-width:100%;--container-widget-height:initial;--container-widget-flex-grow:0;--container-widget-align-self:initial;--flex-wrap-mobile:wrap;}.elementor-2287 .elementor-element.elementor-element-f8300e6.e-con{--order:-99999 \/* order start hack *\/;}.elementor-2287 .elementor-element.elementor-element-b87b20a{text-align:center;}.elementor-2287 .elementor-element.elementor-element-b0d0c78{text-align:center;}}@media(min-width:768px){.elementor-2287 .elementor-element.elementor-element-55ac3c3{--content-width:1350px;}.elementor-2287 .elementor-element.elementor-element-996c81b{--width:50%;}.elementor-2287 .elementor-element.elementor-element-f8300e6{--width:50%;}.elementor-2287 .elementor-element.elementor-element-cd3d5e5{--content-width:1350px;}.elementor-2287 .elementor-element.elementor-element-4aba705{--width:50%;}.elementor-2287 .elementor-element.elementor-element-5ea091b{--width:50%;}.elementor-2287 .elementor-element.elementor-element-26f33bd{--content-width:1350px;}.elementor-2287 .elementor-element.elementor-element-5a0d49c{--width:50%;}.elementor-2287 .elementor-element.elementor-element-0ff0f13{--width:50%;}}<\/style>\t\t<div data-elementor-type=\"wp-page\" data-elementor-id=\"2287\" class=\"elementor elementor-2287 elementor-1193\" data-elementor-post-type=\"page\">\n\t\t\t\t<div class=\"elementor-element elementor-element-55ac3c3 e-flex e-con-boxed e-con e-parent\" data-id=\"55ac3c3\" data-element_type=\"container\" data-e-type=\"container\" data-settings=\"{&quot;background_background&quot;:&quot;classic&quot;}\">\n\t\t\t\t\t<div class=\"e-con-inner\">\n\t\t<div class=\"elementor-element elementor-element-996c81b e-con-full e-flex e-con e-child\" data-id=\"996c81b\" data-element_type=\"container\" data-e-type=\"container\">\n\t\t<div class=\"elementor-element elementor-element-1d719eb e-con-full e-flex e-con e-child\" data-id=\"1d719eb\" data-element_type=\"container\" data-e-type=\"container\">\n\t\t\t\t<div class=\"elementor-element elementor-element-397747e elementor-widget elementor-widget-heading\" data-id=\"397747e\" data-element_type=\"widget\" data-e-type=\"widget\" data-widget_type=\"heading.default\">\n\t\t\t\t<div class=\"elementor-widget-container\">\n\t\t\t\t\t<h2 class=\"elementor-heading-title elementor-size-default\">Lixis<\/h2>\t\t\t\t<\/div>\n\t\t\t\t<\/div>\n\t\t\t\t<div class=\"elementor-element elementor-element-67ac41c elementor-widget elementor-widget-heading\" data-id=\"67ac41c\" data-element_type=\"widget\" data-e-type=\"widget\" data-widget_type=\"heading.default\">\n\t\t\t\t<div class=\"elementor-widget-container\">\n\t\t\t\t\t<h2 class=\"elementor-heading-title elementor-size-default\">PVS-T<\/h2>\t\t\t\t<\/div>\n\t\t\t\t<\/div>\n\t\t\t\t<\/div>\n\t\t\t\t<div class=\"elementor-element elementor-element-b01e50b elementor-widget elementor-widget-heading\" data-id=\"b01e50b\" data-element_type=\"widget\" data-e-type=\"widget\" data-widget_type=\"heading.default\">\n\t\t\t\t<div class=\"elementor-widget-container\">\n\t\t\t\t\t<h2 class=\"elementor-heading-title elementor-size-default\">SISTEMA DE CONTROL DE SERIALIZACI\u00d3N EN L\u00cdNEAS DE TRAZABILIDAD<\/h2>\t\t\t\t<\/div>\n\t\t\t\t<\/div>\n\t\t\t\t<\/div>\n\t\t<div class=\"elementor-element elementor-element-f8300e6 e-con-full elementor-hidden-mobile e-flex e-con e-child\" data-id=\"f8300e6\" data-element_type=\"container\" data-e-type=\"container\" data-settings=\"{&quot;background_background&quot;:&quot;classic&quot;}\">\n\t\t\t\t<\/div>\n\t\t\t\t\t<\/div>\n\t\t\t\t<\/div>\n\t\t<div class=\"elementor-element elementor-element-cd3d5e5 e-flex e-con-boxed e-con e-parent\" data-id=\"cd3d5e5\" data-element_type=\"container\" data-e-type=\"container\" data-settings=\"{&quot;background_background&quot;:&quot;classic&quot;}\">\n\t\t\t\t\t<div class=\"e-con-inner\">\n\t\t<div class=\"elementor-element elementor-element-4aba705 e-con-full e-flex e-con e-child\" data-id=\"4aba705\" data-element_type=\"container\" data-e-type=\"container\">\n\t\t\t\t<div class=\"elementor-element elementor-element-b87b20a elementor-widget elementor-widget-text-editor\" data-id=\"b87b20a\" data-element_type=\"widget\" data-e-type=\"widget\" data-widget_type=\"text-editor.default\">\n\t\t\t\t<div class=\"elementor-widget-container\">\n\t\t\t\t\t\t\t\t\t<ul>\n<li>El equipo interact\u00faa con el sistema de serializaci\u00f3n, recibiendo los n\u00fameros de serie de los lotes a serializar y enviando los datos de serializaci\u00f3n al final de cada lote.\n<\/li>\n<li>Pasarela de comunicaci\u00f3n con una impresora de inyecci\u00f3n de tinta (TIJ) o l\u00e1ser para imprimir datos en las cajas: Datamatrix, GTIN, n\u00famero de serie, n\u00famero de lote, fecha de caducidad y fabricaci\u00f3n, etc.<\/li>\n<\/ul>\n\t\t\t\t\t\t\t\t<\/div>\n\t\t\t\t<\/div>\n\t\t\t\t<\/div>\n\t\t<div class=\"elementor-element elementor-element-5ea091b e-con-full e-flex e-con e-child\" data-id=\"5ea091b\" data-element_type=\"container\" data-e-type=\"container\">\n\t\t\t\t<div class=\"elementor-element elementor-element-b0d0c78 elementor-widget elementor-widget-text-editor\" data-id=\"b0d0c78\" data-element_type=\"widget\" data-e-type=\"widget\" data-widget_type=\"text-editor.default\">\n\t\t\t\t<div class=\"elementor-widget-container\">\n\t\t\t\t\t\t\t\t\t<ul>\n<li>El sistema de visi\u00f3n comprueba cada car\u00e1cter de las marcas legibles (OCV\/OCR), los datos codificados en la Datamatrix y la calidad de impresi\u00f3n de la Datamatrix con una noci\u00f3n de grado en l\u00ednea.\n<\/li>\n<li>El sistema actualiza la base de datos de trazabilidad introduciendo un estado para cada n\u00famero de serie: conforme (puesto en servicio), no conforme (puesto fuera de servicio o expulsado en l\u00ednea), puesto fuera de servicio por ducha manual, muestra, no utilizado.<\/li>\n<\/ul>\n\t\t\t\t\t\t\t\t<\/div>\n\t\t\t\t<\/div>\n\t\t\t\t<\/div>\n\t\t\t\t\t<\/div>\n\t\t\t\t<\/div>\n\t\t<div class=\"elementor-element elementor-element-26f33bd e-flex e-con-boxed e-con e-parent\" data-id=\"26f33bd\" data-element_type=\"container\" data-e-type=\"container\">\n\t\t\t\t\t<div class=\"e-con-inner\">\n\t\t<div class=\"elementor-element elementor-element-8204e75 e-con-full e-flex e-con e-child\" data-id=\"8204e75\" data-element_type=\"container\" data-e-type=\"container\">\n\t\t<div class=\"elementor-element elementor-element-5a0d49c e-con-full e-flex e-con e-child\" data-id=\"5a0d49c\" data-element_type=\"container\" data-e-type=\"container\">\n\t\t\t\t<div class=\"elementor-element elementor-element-c857ba2 elementor-widget elementor-widget-image\" data-id=\"c857ba2\" data-element_type=\"widget\" data-e-type=\"widget\" data-widget_type=\"image.default\">\n\t\t\t\t<div class=\"elementor-widget-container\">\n\t\t\t\t\t\t\t\t\t\t\t\t\t\t\t<img loading=\"lazy\" decoding=\"async\" width=\"1720\" height=\"1920\" src=\"https:\/\/control6.fr\/wp-content\/uploads\/2024\/12\/IMG_9928.png\" class=\"attachment-full size-full wp-image-2248\" alt=\"\" srcset=\"https:\/\/control6.fr\/wp-content\/uploads\/2024\/12\/IMG_9928.png 1720w, https:\/\/control6.fr\/wp-content\/uploads\/2024\/12\/IMG_9928-269x300.png 269w, https:\/\/control6.fr\/wp-content\/uploads\/2024\/12\/IMG_9928-917x1024.png 917w, https:\/\/control6.fr\/wp-content\/uploads\/2024\/12\/IMG_9928-768x857.png 768w, https:\/\/control6.fr\/wp-content\/uploads\/2024\/12\/IMG_9928-1376x1536.png 1376w\" sizes=\"auto, (max-width: 1720px) 100vw, 1720px\" \/>\t\t\t\t\t\t\t\t\t\t\t\t\t\t\t<\/div>\n\t\t\t\t<\/div>\n\t\t\t\t<\/div>\n\t\t<div class=\"elementor-element elementor-element-0ff0f13 e-con-full e-flex e-con e-child\" data-id=\"0ff0f13\" data-element_type=\"container\" data-e-type=\"container\">\n\t\t\t\t<div class=\"elementor-element elementor-element-70d4776 elementor-widget elementor-widget-image\" data-id=\"70d4776\" data-element_type=\"widget\" data-e-type=\"widget\" data-widget_type=\"image.default\">\n\t\t\t\t<div class=\"elementor-widget-container\">\n\t\t\t\t\t\t\t\t\t\t\t\t\t\t\t<img loading=\"lazy\" decoding=\"async\" width=\"1920\" height=\"1280\" src=\"https:\/\/control6.fr\/wp-content\/uploads\/2024\/12\/IMG_9928.jpg\" class=\"attachment-full size-full wp-image-2250\" alt=\"\" srcset=\"https:\/\/control6.fr\/wp-content\/uploads\/2024\/12\/IMG_9928.jpg 1920w, https:\/\/control6.fr\/wp-content\/uploads\/2024\/12\/IMG_9928-300x200.jpg 300w, https:\/\/control6.fr\/wp-content\/uploads\/2024\/12\/IMG_9928-1024x683.jpg 1024w, https:\/\/control6.fr\/wp-content\/uploads\/2024\/12\/IMG_9928-768x512.jpg 768w, https:\/\/control6.fr\/wp-content\/uploads\/2024\/12\/IMG_9928-1536x1024.jpg 1536w\" sizes=\"auto, (max-width: 1920px) 100vw, 1920px\" \/>\t\t\t\t\t\t\t\t\t\t\t\t\t\t\t<\/div>\n\t\t\t\t<\/div>\n\t\t\t\t<\/div>\n\t\t\t\t<\/div>\n\t\t\t\t\t<\/div>\n\t\t\t\t<\/div>\n\t\t\t\t<\/div>\n\t\t","protected":false},"excerpt":{"rendered":"<p>Lixis PVS-T SISTEMA DE CONTROL DE SERIALIZACI\u00d3N EN L\u00cdNEAS DE TRAZABILIDAD El equipo interact\u00faa con el sistema de serializaci\u00f3n, recibiendo los n\u00fameros de serie de los lotes a serializar y enviando los datos de serializaci\u00f3n al final de cada lote. Pasarela de comunicaci\u00f3n con una impresora de inyecci\u00f3n de tinta (TIJ) o l\u00e1ser para imprimir [&hellip;]<\/p>\n","protected":false},"author":2,"featured_media":0,"parent":0,"menu_order":0,"comment_status":"closed","ping_status":"closed","template":"elementor_header_footer","meta":{"footnotes":""},"class_list":["post-2287","page","type-page","status-publish","hentry"],"yoast_head":"<!-- This site is optimized with the Yoast SEO plugin v27.3 - https:\/\/yoast.com\/product\/yoast-seo-wordpress\/ -->\n<title>SERIALIZACI\u00d3N - CONTROL6<\/title>\n<meta name=\"description\" content=\"Control6 ofrece soluciones de serializaci\u00f3n para garantizar la trazabilidad de los medicamentos y asegurar el cumplimiento en la industria farmac\u00e9utica.\" \/>\n<meta name=\"robots\" content=\"index, follow, max-snippet:-1, max-image-preview:large, max-video-preview:-1\" \/>\n<link rel=\"canonical\" href=\"https:\/\/control6.fr\/es\/serializacion\/\" \/>\n<meta property=\"og:locale\" content=\"es_ES\" \/>\n<meta property=\"og:type\" content=\"article\" \/>\n<meta property=\"og:title\" content=\"SERIALIZACI\u00d3N - CONTROL6\" \/>\n<meta property=\"og:description\" content=\"Control6 ofrece soluciones de serializaci\u00f3n para garantizar la trazabilidad de los medicamentos y asegurar el cumplimiento en la industria farmac\u00e9utica.\" \/>\n<meta property=\"og:url\" content=\"https:\/\/control6.fr\/es\/serializacion\/\" \/>\n<meta property=\"og:site_name\" content=\"CONTROL6\" \/>\n<meta property=\"article:modified_time\" content=\"2025-01-15T10:54:25+00:00\" \/>\n<meta property=\"og:image\" content=\"https:\/\/control6.fr\/wp-content\/uploads\/2024\/12\/IMG_9928-917x1024.png\" \/>\n\t<meta property=\"og:image:width\" content=\"917\" \/>\n\t<meta property=\"og:image:height\" content=\"1024\" \/>\n\t<meta property=\"og:image:type\" content=\"image\/png\" \/>\n<meta name=\"twitter:card\" content=\"summary_large_image\" \/>\n<meta name=\"twitter:label1\" content=\"Tiempo de lectura\" \/>\n\t<meta name=\"twitter:data1\" content=\"1 minuto\" \/>\n<script type=\"application\/ld+json\" class=\"yoast-schema-graph\">{\"@context\":\"https:\\\/\\\/schema.org\",\"@graph\":[{\"@type\":\"WebPage\",\"@id\":\"https:\\\/\\\/control6.fr\\\/es\\\/serializacion\\\/\",\"url\":\"https:\\\/\\\/control6.fr\\\/es\\\/serializacion\\\/\",\"name\":\"SERIALIZACI\u00d3N - CONTROL6\",\"isPartOf\":{\"@id\":\"https:\\\/\\\/control6.fr\\\/es\\\/#website\"},\"primaryImageOfPage\":{\"@id\":\"https:\\\/\\\/control6.fr\\\/es\\\/serializacion\\\/#primaryimage\"},\"image\":{\"@id\":\"https:\\\/\\\/control6.fr\\\/es\\\/serializacion\\\/#primaryimage\"},\"thumbnailUrl\":\"https:\\\/\\\/control6.fr\\\/wp-content\\\/uploads\\\/2024\\\/12\\\/IMG_9928.png\",\"datePublished\":\"2024-11-19T14:06:12+00:00\",\"dateModified\":\"2025-01-15T10:54:25+00:00\",\"description\":\"Control6 ofrece soluciones de serializaci\u00f3n para garantizar la trazabilidad de los medicamentos y asegurar el cumplimiento en la industria farmac\u00e9utica.\",\"breadcrumb\":{\"@id\":\"https:\\\/\\\/control6.fr\\\/es\\\/serializacion\\\/#breadcrumb\"},\"inLanguage\":\"es\",\"potentialAction\":[{\"@type\":\"ReadAction\",\"target\":[\"https:\\\/\\\/control6.fr\\\/es\\\/serializacion\\\/\"]}]},{\"@type\":\"ImageObject\",\"inLanguage\":\"es\",\"@id\":\"https:\\\/\\\/control6.fr\\\/es\\\/serializacion\\\/#primaryimage\",\"url\":\"https:\\\/\\\/control6.fr\\\/wp-content\\\/uploads\\\/2024\\\/12\\\/IMG_9928.png\",\"contentUrl\":\"https:\\\/\\\/control6.fr\\\/wp-content\\\/uploads\\\/2024\\\/12\\\/IMG_9928.png\"},{\"@type\":\"BreadcrumbList\",\"@id\":\"https:\\\/\\\/control6.fr\\\/es\\\/serializacion\\\/#breadcrumb\",\"itemListElement\":[{\"@type\":\"ListItem\",\"position\":1,\"name\":\"Accueil\",\"item\":\"https:\\\/\\\/control6.fr\\\/es\\\/inicio\\\/\"},{\"@type\":\"ListItem\",\"position\":2,\"name\":\"SERIALIZACI\u00d3N\"}]},{\"@type\":\"WebSite\",\"@id\":\"https:\\\/\\\/control6.fr\\\/es\\\/#website\",\"url\":\"https:\\\/\\\/control6.fr\\\/es\\\/\",\"name\":\"CONTROL 6\",\"description\":\"\",\"potentialAction\":[{\"@type\":\"SearchAction\",\"target\":{\"@type\":\"EntryPoint\",\"urlTemplate\":\"https:\\\/\\\/control6.fr\\\/es\\\/?s={search_term_string}\"},\"query-input\":{\"@type\":\"PropertyValueSpecification\",\"valueRequired\":true,\"valueName\":\"search_term_string\"}}],\"inLanguage\":\"es\"}]}<\/script>\n<!-- \/ Yoast SEO plugin. -->","yoast_head_json":{"title":"SERIALIZACI\u00d3N - CONTROL6","description":"Control6 ofrece soluciones de serializaci\u00f3n para garantizar la trazabilidad de los medicamentos y asegurar el cumplimiento en la industria farmac\u00e9utica.","robots":{"index":"index","follow":"follow","max-snippet":"max-snippet:-1","max-image-preview":"max-image-preview:large","max-video-preview":"max-video-preview:-1"},"canonical":"https:\/\/control6.fr\/es\/serializacion\/","og_locale":"es_ES","og_type":"article","og_title":"SERIALIZACI\u00d3N - CONTROL6","og_description":"Control6 ofrece soluciones de serializaci\u00f3n para garantizar la trazabilidad de los medicamentos y asegurar el cumplimiento en la industria farmac\u00e9utica.","og_url":"https:\/\/control6.fr\/es\/serializacion\/","og_site_name":"CONTROL6","article_modified_time":"2025-01-15T10:54:25+00:00","og_image":[{"width":917,"height":1024,"url":"https:\/\/control6.fr\/wp-content\/uploads\/2024\/12\/IMG_9928-917x1024.png","type":"image\/png"}],"twitter_card":"summary_large_image","twitter_misc":{"Tiempo de lectura":"1 minuto"},"schema":{"@context":"https:\/\/schema.org","@graph":[{"@type":"WebPage","@id":"https:\/\/control6.fr\/es\/serializacion\/","url":"https:\/\/control6.fr\/es\/serializacion\/","name":"SERIALIZACI\u00d3N - CONTROL6","isPartOf":{"@id":"https:\/\/control6.fr\/es\/#website"},"primaryImageOfPage":{"@id":"https:\/\/control6.fr\/es\/serializacion\/#primaryimage"},"image":{"@id":"https:\/\/control6.fr\/es\/serializacion\/#primaryimage"},"thumbnailUrl":"https:\/\/control6.fr\/wp-content\/uploads\/2024\/12\/IMG_9928.png","datePublished":"2024-11-19T14:06:12+00:00","dateModified":"2025-01-15T10:54:25+00:00","description":"Control6 ofrece soluciones de serializaci\u00f3n para garantizar la trazabilidad de los medicamentos y asegurar el cumplimiento en la industria farmac\u00e9utica.","breadcrumb":{"@id":"https:\/\/control6.fr\/es\/serializacion\/#breadcrumb"},"inLanguage":"es","potentialAction":[{"@type":"ReadAction","target":["https:\/\/control6.fr\/es\/serializacion\/"]}]},{"@type":"ImageObject","inLanguage":"es","@id":"https:\/\/control6.fr\/es\/serializacion\/#primaryimage","url":"https:\/\/control6.fr\/wp-content\/uploads\/2024\/12\/IMG_9928.png","contentUrl":"https:\/\/control6.fr\/wp-content\/uploads\/2024\/12\/IMG_9928.png"},{"@type":"BreadcrumbList","@id":"https:\/\/control6.fr\/es\/serializacion\/#breadcrumb","itemListElement":[{"@type":"ListItem","position":1,"name":"Accueil","item":"https:\/\/control6.fr\/es\/inicio\/"},{"@type":"ListItem","position":2,"name":"SERIALIZACI\u00d3N"}]},{"@type":"WebSite","@id":"https:\/\/control6.fr\/es\/#website","url":"https:\/\/control6.fr\/es\/","name":"CONTROL 6","description":"","potentialAction":[{"@type":"SearchAction","target":{"@type":"EntryPoint","urlTemplate":"https:\/\/control6.fr\/es\/?s={search_term_string}"},"query-input":{"@type":"PropertyValueSpecification","valueRequired":true,"valueName":"search_term_string"}}],"inLanguage":"es"}]}},"_links":{"self":[{"href":"https:\/\/control6.fr\/es\/wp-json\/wp\/v2\/pages\/2287","targetHints":{"allow":["GET"]}}],"collection":[{"href":"https:\/\/control6.fr\/es\/wp-json\/wp\/v2\/pages"}],"about":[{"href":"https:\/\/control6.fr\/es\/wp-json\/wp\/v2\/types\/page"}],"author":[{"embeddable":true,"href":"https:\/\/control6.fr\/es\/wp-json\/wp\/v2\/users\/2"}],"replies":[{"embeddable":true,"href":"https:\/\/control6.fr\/es\/wp-json\/wp\/v2\/comments?post=2287"}],"version-history":[{"count":1,"href":"https:\/\/control6.fr\/es\/wp-json\/wp\/v2\/pages\/2287\/revisions"}],"predecessor-version":[{"id":2662,"href":"https:\/\/control6.fr\/es\/wp-json\/wp\/v2\/pages\/2287\/revisions\/2662"}],"wp:attachment":[{"href":"https:\/\/control6.fr\/es\/wp-json\/wp\/v2\/media?parent=2287"}],"curies":[{"name":"wp","href":"https:\/\/api.w.org\/{rel}","templated":true}]}}