{"id":2548,"date":"2024-12-20T09:01:06","date_gmt":"2024-12-20T08:01:06","guid":{"rendered":"https:\/\/control6.fr\/politica-de-privacidad\/"},"modified":"2024-12-20T16:55:52","modified_gmt":"2024-12-20T15:55:52","slug":"politica-de-privacidad","status":"publish","type":"page","link":"https:\/\/control6.fr\/es\/politica-de-privacidad\/","title":{"rendered":"Pol\u00edtica de privacidad"},"content":{"rendered":"<style>.elementor-2548 .elementor-element.elementor-element-262e3d84{--display:flex;}<\/style>\t\t<div data-elementor-type=\"wp-page\" data-elementor-id=\"2548\" class=\"elementor elementor-2548 elementor-2492\" data-elementor-post-type=\"page\">\n\t\t\t\t<div class=\"elementor-element elementor-element-262e3d84 e-flex e-con-boxed e-con e-parent\" data-id=\"262e3d84\" data-element_type=\"container\" data-e-type=\"container\">\n\t\t\t\t\t<div class=\"e-con-inner\">\n\t\t\t\t<div class=\"elementor-element elementor-element-e83a9d6 elementor-widget elementor-widget-text-editor\" data-id=\"e83a9d6\" data-element_type=\"widget\" data-e-type=\"widget\" data-widget_type=\"text-editor.default\">\n\t\t\t\t<div class=\"elementor-widget-container\">\n\t\t\t\t\t\t\t\t\t<h2 style=\"text-align: center;\"><strong>Documento provisional, en fase de redacci\u00f3n<\/strong><br \/><strong>\u00daltima actualizaci\u00f3n : 20\/12\/2024<\/strong><\/h2>\n<ol>\n<li>\n<h3><strong>Informaci\u00f3n general<\/strong><\/h3>\n<\/li>\n<\/ol>\n<p>El objetivo de esta pol\u00edtica de privacidad es informarte sobre c\u00f3mo se utiliza la [<a href=\"http:\/\/control6.fr\/\"><strong>http:\/\/control6.fr\/<\/strong><\/a>(en adelante \u00abel Sitio\u00bb) recoge, utiliza, protege y comparte tus datos personales.<\/p>\n<p><strong>Responsable del tratamiento :<\/strong><\/p>\n<ul>\n<li>Nombre: <strong>Julien Curti<\/strong><\/li>\n<li>Direcci\u00f3n: <strong>3 bis, rue du Petit Robinson, 78350 Jouy-en-Josas, Francia<\/strong><\/li>\n<li>Tel\u00e9fono: <strong>+33 (0)1 39 45 91 47<\/strong><\/li>\n<li>Correo electr\u00f3nico:<strong>[contact@control6.fr]<\/strong><\/li>\n<\/ul>\n<ol start=\"2\">\n<li>\n<h3><strong>  Datos personales recogidos<\/strong><\/h3>\n<\/li>\n<\/ol>\n<p>Recogemos los siguientes datos personales cuando utilizas el Sitio:<\/p>\n<ul>\n<li><strong>Formulario de contacto:<\/strong> apellidos, nombre, direcci\u00f3n de correo electr\u00f3nico, n\u00famero de tel\u00e9fono y la informaci\u00f3n que proporciones en tu mensaje.<\/li>\n<li><strong>Datos de navegaci\u00f3n y estad\u00edsticos:<\/strong> direcciones IP (anonimizadas), p\u00e1ginas visitadas, tiempo de visita, datos de Google Analytics (datos estad\u00edsticos anonimizados).<\/li>\n<\/ul>\n<p>No se recogen datos de transacciones, ya que el Sitio es un escaparate sin funcionalidad de venta online.<\/p>\n<ol start=\"3\">\n<li>\n<h3><strong>  Fines y fundamento jur\u00eddico del tratamiento<\/strong><\/h3>\n<\/li>\n<\/ol>\n<ul>\n<li>F<strong>ormulario de contacto:<\/strong> para responder a tus solicitudes, preguntas o reclamaciones.<em>Base<\/em><em>jur\u00eddica:<\/em> tu consentimiento (proporcionas estos datos voluntariamente).<\/li>\n<li><strong>An\u00e1lisis estad\u00edstico (Google Analytics):<\/strong><br \/> Para medir la audiencia del Sitio, mejorar tu experiencia de usuario, evaluar el rendimiento de nuestro contenido e identificar cualquier problema t\u00e9cnico.<em>Base<\/em><em>jur\u00eddica:<\/em> tu consentimiento (a trav\u00e9s del banner de cookies).<\/li>\n<\/ul>\n<ol start=\"4\">\n<li>\n<h3><strong>  Per\u00edodo de conservaci\u00f3n de los datos<\/strong><\/h3>\n<\/li>\n<\/ol>\n<ul>\n<li><strong>Datos del formulario de contacto:<\/strong> Conservados durante un m\u00e1ximo de 3 a\u00f1os desde el \u00faltimo contacto entrante, de acuerdo con las recomendaciones de la CNIL.<\/li>\n<li><strong>Datos anal\u00edticos (Google Analytics):<\/strong> Datos anonimizados conservados durante un m\u00e1ximo de 13 meses.<\/li>\n<\/ul>\n<ol start=\"5\">\n<li>\n<h3><strong>  Compartir datos con terceros<\/strong><\/h3>\n<\/li>\n<\/ol>\n<ul>\n<li><strong>Alojamiento:<\/strong> El Sitio est\u00e1 alojado en <strong>IONOS SARL<\/strong>, 7, place de la Gare &#8211; BP 70109 &#8211; 57201 Sarreguemines Cedex.<\/li>\n<li><strong>Mantenimiento:<\/strong> El Sitio es mantenido por <strong>CG-N\u00fcmeriK<\/strong>, 17 Rue Beaus\u00e9jour, 77400 Pomponne.<\/li>\n<li><strong>Google Analytics:<\/strong> los datos an\u00f3nimos son procesados por Google con fines de medici\u00f3n de audiencia.<\/li>\n<\/ul>\n<p>Aparte de estos proveedores de servicios, no transmitimos tus datos a ning\u00fan tercero, a menos que nos lo exija la ley o nos lo solicite una autoridad competente.<\/p>\n<ol start=\"6\">\n<li>\n<h3><strong>  Medidas de seguridad<\/strong><\/h3>\n<\/li>\n<\/ol>\n<p>Aplicamos medidas t\u00e9cnicas y organizativas para proteger tus datos:<\/p>\n<ul>\n<li>Alojamiento seguro<\/li>\n<li>Cifrado HTTPS<\/li>\n<li>Restricciones de acceso a los datos<\/li>\n<li>Cortafuegos<\/li>\n<\/ul>\n<ol start=\"7\">\n<li>\n<h3><strong>  Derechos de las personas afectadas<\/strong><\/h3>\n<\/li>\n<\/ol>\n<p>De acuerdo con la normativa vigente (RGPD, Loi Informatique et Libert\u00e9s), tienes los siguientes derechos:<\/p>\n<ul>\n<li>Derecho de acceso<\/li>\n<li>Derecho de rectificaci\u00f3n<\/li>\n<li>Derecho de supresi\u00f3n<\/li>\n<li>Derecho de oposici\u00f3n<\/li>\n<li>Derecho a restringir el tratamiento<\/li>\n<li>Derecho a la portabilidad de los datos<\/li>\n<\/ul>\n<p>Para ejercer tus derechos, ponte en contacto con nosotros en<strong>[contact@control6.fr]<\/strong>. Es posible que te pidamos una prueba de identidad. Te responderemos lo antes posible, de acuerdo con los requisitos legales. <\/p>\n<ol start=\"8\">\n<li>\n<h3><strong>  Transferencia fuera de la UE<\/strong><\/h3>\n<\/li>\n<\/ol>\n<p>En el contexto de Google Analytics, algunos datos (anonimizados) pueden transferirse fuera de la Uni\u00f3n Europea, en particular a Estados Unidos. Procuramos anonimizar las direcciones IP para reducir los riesgos para tus derechos y libertades. <\/p>\n<ol start=\"9\">\n<li>\n<h3><strong>  Cookies y tecnolog\u00edas similares<\/strong><\/h3>\n<\/li>\n<\/ol>\n<p>El Sitio utiliza cookies, en particular para medir la audiencia (Google Analytics). Un banner espec\u00edfico te permite dar o rechazar tu consentimiento. Tambi\u00e9n estar\u00e1 disponible una p\u00e1gina dedicada a las cookies, en la que se detallar\u00e1n los tipos de cookies, durante cu\u00e1nto tiempo se almacenan y c\u00f3mo configurarlas.  <\/p>\n<ol start=\"10\">\n<li>\n<h3><strong>  Actualizaciones de la pol\u00edtica de privacidad<\/strong><\/h3>\n<\/li>\n<\/ol>\n<p>Esta pol\u00edtica de privacidad puede cambiar para reflejar cambios legislativos, t\u00e9cnicos u organizativos. La fecha de la \u00faltima actualizaci\u00f3n aparece en la parte superior de este documento. Te invitamos a consultarlo regularmente. En caso de cambios sustanciales, te informaremos por los medios adecuados.  <\/p>\n\t\t\t\t\t\t\t\t<\/div>\n\t\t\t\t<\/div>\n\t\t\t\t\t<\/div>\n\t\t\t\t<\/div>\n\t\t\t\t<\/div>\n\t\t","protected":false},"excerpt":{"rendered":"<p>Documento provisional, en fase de redacci\u00f3n\u00daltima actualizaci\u00f3n : 20\/12\/2024 Informaci\u00f3n general El objetivo de esta pol\u00edtica de privacidad es informarte sobre c\u00f3mo se utiliza la [http:\/\/control6.fr\/(en adelante \u00abel Sitio\u00bb) recoge, utiliza, protege y comparte tus datos personales. Responsable del tratamiento : Nombre: Julien Curti Direcci\u00f3n: 3 bis, rue du Petit Robinson, 78350 Jouy-en-Josas, Francia Tel\u00e9fono: [&hellip;]<\/p>\n","protected":false},"author":1,"featured_media":0,"parent":0,"menu_order":0,"comment_status":"closed","ping_status":"closed","template":"","meta":{"footnotes":""},"class_list":["post-2548","page","type-page","status-publish","hentry"],"yoast_head":"<!-- This site is optimized with the Yoast SEO plugin v27.3 - https:\/\/yoast.com\/product\/yoast-seo-wordpress\/ -->\n<title>Pol\u00edtica de privacidad - CONTROL6<\/title>\n<meta name=\"robots\" content=\"index, follow, max-snippet:-1, max-image-preview:large, max-video-preview:-1\" \/>\n<link rel=\"canonical\" href=\"https:\/\/control6.fr\/es\/politica-de-privacidad\/\" \/>\n<meta property=\"og:locale\" content=\"es_ES\" \/>\n<meta property=\"og:type\" content=\"article\" \/>\n<meta property=\"og:title\" content=\"Pol\u00edtica de privacidad - CONTROL6\" \/>\n<meta property=\"og:description\" content=\"Documento provisional, en fase de redacci\u00f3n\u00daltima actualizaci\u00f3n : 20\/12\/2024 Informaci\u00f3n general El objetivo de esta pol\u00edtica de privacidad es informarte sobre c\u00f3mo se utiliza la [http:\/\/control6.fr\/(en adelante \u00abel Sitio\u00bb) recoge, utiliza, protege y comparte tus datos personales. Responsable del tratamiento : Nombre: Julien Curti Direcci\u00f3n: 3 bis, rue du Petit Robinson, 78350 Jouy-en-Josas, Francia Tel\u00e9fono: [&hellip;]\" \/>\n<meta property=\"og:url\" content=\"https:\/\/control6.fr\/es\/politica-de-privacidad\/\" \/>\n<meta property=\"og:site_name\" content=\"CONTROL6\" \/>\n<meta property=\"article:modified_time\" content=\"2024-12-20T15:55:52+00:00\" \/>\n<meta name=\"twitter:card\" content=\"summary_large_image\" \/>\n<meta name=\"twitter:label1\" content=\"Tiempo de lectura\" \/>\n\t<meta name=\"twitter:data1\" content=\"3 minutos\" \/>\n<script type=\"application\/ld+json\" class=\"yoast-schema-graph\">{\"@context\":\"https:\\\/\\\/schema.org\",\"@graph\":[{\"@type\":\"WebPage\",\"@id\":\"https:\\\/\\\/control6.fr\\\/es\\\/politica-de-privacidad\\\/\",\"url\":\"https:\\\/\\\/control6.fr\\\/es\\\/politica-de-privacidad\\\/\",\"name\":\"Pol\u00edtica de privacidad - CONTROL6\",\"isPartOf\":{\"@id\":\"https:\\\/\\\/control6.fr\\\/es\\\/#website\"},\"datePublished\":\"2024-12-20T08:01:06+00:00\",\"dateModified\":\"2024-12-20T15:55:52+00:00\",\"breadcrumb\":{\"@id\":\"https:\\\/\\\/control6.fr\\\/es\\\/politica-de-privacidad\\\/#breadcrumb\"},\"inLanguage\":\"es\",\"potentialAction\":[{\"@type\":\"ReadAction\",\"target\":[\"https:\\\/\\\/control6.fr\\\/es\\\/politica-de-privacidad\\\/\"]}]},{\"@type\":\"BreadcrumbList\",\"@id\":\"https:\\\/\\\/control6.fr\\\/es\\\/politica-de-privacidad\\\/#breadcrumb\",\"itemListElement\":[{\"@type\":\"ListItem\",\"position\":1,\"name\":\"Accueil\",\"item\":\"https:\\\/\\\/control6.fr\\\/es\\\/inicio\\\/\"},{\"@type\":\"ListItem\",\"position\":2,\"name\":\"Pol\u00edtica de privacidad\"}]},{\"@type\":\"WebSite\",\"@id\":\"https:\\\/\\\/control6.fr\\\/es\\\/#website\",\"url\":\"https:\\\/\\\/control6.fr\\\/es\\\/\",\"name\":\"CONTROL 6\",\"description\":\"\",\"potentialAction\":[{\"@type\":\"SearchAction\",\"target\":{\"@type\":\"EntryPoint\",\"urlTemplate\":\"https:\\\/\\\/control6.fr\\\/es\\\/?s={search_term_string}\"},\"query-input\":{\"@type\":\"PropertyValueSpecification\",\"valueRequired\":true,\"valueName\":\"search_term_string\"}}],\"inLanguage\":\"es\"}]}<\/script>\n<!-- \/ Yoast SEO plugin. -->","yoast_head_json":{"title":"Pol\u00edtica de privacidad - CONTROL6","robots":{"index":"index","follow":"follow","max-snippet":"max-snippet:-1","max-image-preview":"max-image-preview:large","max-video-preview":"max-video-preview:-1"},"canonical":"https:\/\/control6.fr\/es\/politica-de-privacidad\/","og_locale":"es_ES","og_type":"article","og_title":"Pol\u00edtica de privacidad - CONTROL6","og_description":"Documento provisional, en fase de redacci\u00f3n\u00daltima actualizaci\u00f3n : 20\/12\/2024 Informaci\u00f3n general El objetivo de esta pol\u00edtica de privacidad es informarte sobre c\u00f3mo se utiliza la [http:\/\/control6.fr\/(en adelante \u00abel Sitio\u00bb) recoge, utiliza, protege y comparte tus datos personales. Responsable del tratamiento : Nombre: Julien Curti Direcci\u00f3n: 3 bis, rue du Petit Robinson, 78350 Jouy-en-Josas, Francia Tel\u00e9fono: [&hellip;]","og_url":"https:\/\/control6.fr\/es\/politica-de-privacidad\/","og_site_name":"CONTROL6","article_modified_time":"2024-12-20T15:55:52+00:00","twitter_card":"summary_large_image","twitter_misc":{"Tiempo de lectura":"3 minutos"},"schema":{"@context":"https:\/\/schema.org","@graph":[{"@type":"WebPage","@id":"https:\/\/control6.fr\/es\/politica-de-privacidad\/","url":"https:\/\/control6.fr\/es\/politica-de-privacidad\/","name":"Pol\u00edtica de privacidad - CONTROL6","isPartOf":{"@id":"https:\/\/control6.fr\/es\/#website"},"datePublished":"2024-12-20T08:01:06+00:00","dateModified":"2024-12-20T15:55:52+00:00","breadcrumb":{"@id":"https:\/\/control6.fr\/es\/politica-de-privacidad\/#breadcrumb"},"inLanguage":"es","potentialAction":[{"@type":"ReadAction","target":["https:\/\/control6.fr\/es\/politica-de-privacidad\/"]}]},{"@type":"BreadcrumbList","@id":"https:\/\/control6.fr\/es\/politica-de-privacidad\/#breadcrumb","itemListElement":[{"@type":"ListItem","position":1,"name":"Accueil","item":"https:\/\/control6.fr\/es\/inicio\/"},{"@type":"ListItem","position":2,"name":"Pol\u00edtica de privacidad"}]},{"@type":"WebSite","@id":"https:\/\/control6.fr\/es\/#website","url":"https:\/\/control6.fr\/es\/","name":"CONTROL 6","description":"","potentialAction":[{"@type":"SearchAction","target":{"@type":"EntryPoint","urlTemplate":"https:\/\/control6.fr\/es\/?s={search_term_string}"},"query-input":{"@type":"PropertyValueSpecification","valueRequired":true,"valueName":"search_term_string"}}],"inLanguage":"es"}]}},"_links":{"self":[{"href":"https:\/\/control6.fr\/es\/wp-json\/wp\/v2\/pages\/2548","targetHints":{"allow":["GET"]}}],"collection":[{"href":"https:\/\/control6.fr\/es\/wp-json\/wp\/v2\/pages"}],"about":[{"href":"https:\/\/control6.fr\/es\/wp-json\/wp\/v2\/types\/page"}],"author":[{"embeddable":true,"href":"https:\/\/control6.fr\/es\/wp-json\/wp\/v2\/users\/1"}],"replies":[{"embeddable":true,"href":"https:\/\/control6.fr\/es\/wp-json\/wp\/v2\/comments?post=2548"}],"version-history":[{"count":1,"href":"https:\/\/control6.fr\/es\/wp-json\/wp\/v2\/pages\/2548\/revisions"}],"predecessor-version":[{"id":2549,"href":"https:\/\/control6.fr\/es\/wp-json\/wp\/v2\/pages\/2548\/revisions\/2549"}],"wp:attachment":[{"href":"https:\/\/control6.fr\/es\/wp-json\/wp\/v2\/media?parent=2548"}],"curies":[{"name":"wp","href":"https:\/\/api.w.org\/{rel}","templated":true}]}}